{"id":39,"date":"2018-11-16T08:43:17","date_gmt":"2018-11-16T08:43:17","guid":{"rendered":"http:\/\/www.inforedplus.com\/inforedwp\/?page_id=39"},"modified":"2018-11-16T09:12:52","modified_gmt":"2018-11-16T09:12:52","slug":"soluciones-a-problemas","status":"publish","type":"page","link":"https:\/\/www.inforedplus.com\/inforedwp\/","title":{"rendered":"Soluciones a problemas"},"content":{"rendered":"\r\n<p><img decoding=\"async\" loading=\"lazy\" class=\"alignnone size-medium wp-image-7 aligncenter\" src=\"https:\/\/www.inforedplus.com\/inforedwp\/wp-content\/uploads\/2018\/11\/inforedplus-300x82.png\" alt=\"\" width=\"300\" height=\"82\" srcset=\"https:\/\/www.inforedplus.com\/inforedwp\/wp-content\/uploads\/2018\/11\/inforedplus-300x82.png 300w, https:\/\/www.inforedplus.com\/inforedwp\/wp-content\/uploads\/2018\/11\/inforedplus-768x211.png 768w, https:\/\/www.inforedplus.com\/inforedwp\/wp-content\/uploads\/2018\/11\/inforedplus.png 777w\" sizes=\"(max-width: 300px) 100vw, 300px\" \/><\/p>\r\n<p style=\"text-align: center;\">InforedPlus, es una empresa dedicada a la gesti\u00f3n inform\u00e1tica,\u00a0 nuestro trabajo es ofrecer soluciones a los usuarios, para facilitarles y agilizar tareas y trabajos a realizar, ofreciendo para ello todo tipo de herramientas y servicios que este pueda precisar.<\/p>\r\n<blockquote>\r\n<p style=\"text-align: center;\">Como premisa principal, prima la seguridad y protecci\u00f3n de datos y sistemas, y la b\u00fasqueda del m\u00e1ximo rendimiento con el m\u00ednimo esfuerzo por parte del cliente.<\/p>\r\n<\/blockquote>\r\n\r\n\r\n\r\n\r\n\r\n<p style=\"text-align: center;\">Soluciones a medida, porque todos los clientes somos distintos, y precisamos herramientas personalizadas si buscamos optimizar nuestros procesos.<\/p>\r\n","protected":false},"excerpt":{"rendered":"<p>InforedPlus, es una empresa dedicada a la gesti\u00f3n inform\u00e1tica,\u00a0 nuestro trabajo es ofrecer soluciones a los usuarios, para facilitarles y agilizar tareas y trabajos a realizar, ofreciendo para ello todo tipo de herramientas y servicios que este pueda precisar. Como premisa principal, prima la seguridad y protecci\u00f3n de datos y sistemas, y la b\u00fasqueda del<\/p><\/div>\n<div class=\"blog-btn\"><a href=\"https:\/\/www.inforedplus.com\/inforedwp\/\" class=\"home-blog-btn\">Leer m\u00e1s<\/a><\/p>\n","protected":false},"author":1,"featured_media":0,"parent":0,"menu_order":0,"comment_status":"closed","ping_status":"closed","template":"","meta":[],"_links":{"self":[{"href":"https:\/\/www.inforedplus.com\/inforedwp\/wp-json\/wp\/v2\/pages\/39"}],"collection":[{"href":"https:\/\/www.inforedplus.com\/inforedwp\/wp-json\/wp\/v2\/pages"}],"about":[{"href":"https:\/\/www.inforedplus.com\/inforedwp\/wp-json\/wp\/v2\/types\/page"}],"author":[{"embeddable":true,"href":"https:\/\/www.inforedplus.com\/inforedwp\/wp-json\/wp\/v2\/users\/1"}],"replies":[{"embeddable":true,"href":"https:\/\/www.inforedplus.com\/inforedwp\/wp-json\/wp\/v2\/comments?post=39"}],"version-history":[{"count":4,"href":"https:\/\/www.inforedplus.com\/inforedwp\/wp-json\/wp\/v2\/pages\/39\/revisions"}],"predecessor-version":[{"id":58,"href":"https:\/\/www.inforedplus.com\/inforedwp\/wp-json\/wp\/v2\/pages\/39\/revisions\/58"}],"wp:attachment":[{"href":"https:\/\/www.inforedplus.com\/inforedwp\/wp-json\/wp\/v2\/media?parent=39"}],"curies":[{"name":"wp","href":"https:\/\/api.w.org\/{rel}","templated":true}]}}